{"id":364,"date":"2022-11-16T07:45:23","date_gmt":"2022-11-16T06:45:23","guid":{"rendered":"http:\/\/taramuller.fr\/?page_id=364"},"modified":"2022-11-16T08:10:44","modified_gmt":"2022-11-16T07:10:44","slug":"mentions-legales","status":"publish","type":"page","link":"https:\/\/taramuller.fr\/index.php\/mentions-legales\/","title":{"rendered":"Mentions l\u00e9gales"},"content":{"rendered":"\n<h2 class=\"wp-block-heading\">Edition du site internet<\/h2>\n\n\n\n<p>Le site\u00a0Tara Muller accessible \u00e0 l\u2019adresse www.taramuller.fr (ci-apr\u00e8s \u201cle Site\u201d) est \u00e9dit\u00e9 par la l&rsquo;auto entreprise\u00a0Tara Muller (ci-apr\u00e8s \u201cl\u2019Editeur\u201d), auto entreprise, dont le si\u00e8ge social est situ\u00e9\u00a03 route de la gare, 30840 Meynes.<\/p>\n\n\n\n<p>SIRET : 890 911 472 00011<br>Registre de la chambre des m\u00e9tier : Montpellier. <\/p>\n\n\n\n<h2 class=\"wp-block-heading\">Directeur de la publication<\/h2>\n\n\n\n<p>R\u00e9daction du site internet : Mlle Tara Muller<\/p>\n\n\n\n<h2 class=\"wp-block-heading\">Respect de la propri\u00e9t\u00e9 intellectuelle<\/h2>\n\n\n\n<p>Toutes les marques, photographies, textes, commentaires, illustrations, images anim\u00e9es ou non, s\u00e9quences vid\u00e9o, sons, ainsi que toutes les applications informatiques qui pourraient \u00eatre utilis\u00e9es pour faire fonctionner le Site et plus g\u00e9n\u00e9ralement tous les \u00e9l\u00e9ments reproduits ou utilis\u00e9s sur le Site sont prot\u00e9g\u00e9s par les lois en vigueur au titre de la propri\u00e9t\u00e9 intellectuelle. Ils sont la propri\u00e9t\u00e9 pleine et enti\u00e8re de l\u2019Editeur ou de ses partenaires, sauf mentions particuli\u00e8res. Toute reproduction, repr\u00e9sentation, utilisation ou adaptation, sous quelque forme que ce soit, de tout ou partie de ces \u00e9l\u00e9ments, y compris les applications informatiques, sans l\u2019accord pr\u00e9alable et \u00e9crit de l\u2019Editeur, sont strictement interdites. Le fait pour l\u2019Editeur de ne pas engager de proc\u00e9dure d\u00e8s la prise de connaissance de ces utilisations non autoris\u00e9es ne vaut pas acceptation desdites utilisations et renonciation aux poursuites. Seule l\u2019utilisation pour un usage priv\u00e9 dans un cercle de famille est autoris\u00e9e et toute autre utilisation est constitutive de contrefa\u00e7on et\/ou d\u2019atteinte aux droits voisins, sanctionn\u00e9es par Code de la propri\u00e9t\u00e9 intellectuelle. La reprise de tout ou partie de ce contenu n\u00e9cessite l\u2019autorisation pr\u00e9alable de l\u2019Editeur ou du titulaire des droits sur ce contenu.<\/p>\n\n\n\n<h2 class=\"wp-block-heading\">Liens hypertextes<\/h2>\n\n\n\n<p>Le Site peut contenir des liens hypertexte donnant acc\u00e8s \u00e0 d\u2019autres sites web \u00e9dit\u00e9s et g\u00e9r\u00e9s par des tiers et non par l\u2019Editeur.<br>L\u2019Editeur ne pourra \u00eatre tenu responsable directement ou indirectement dans le cas o\u00f9 lesdits sites tiers ne respecteraient pas les dispositions l\u00e9gales.<br>La cr\u00e9ation de liens hypertexte vers le Site ne peut \u00eatre faite qu\u2019avec l\u2019autorisation \u00e9crite et pr\u00e9alable de l\u2019Editeur.<\/p>\n\n\n\n<h2 class=\"wp-block-heading\">R\u00e9alisation du site internet<\/h2>\n\n\n\n<p>Le site www.taramuller.fr a \u00e9t\u00e9 r\u00e9alis\u00e9 par les prestataires suivants :<br>\u00a0Conception graphique :\u00a0Tara Muller<br>\u00a0D\u00e9veloppement : Tara Muller<\/p>\n\n\n\n<h2 class=\"wp-block-heading\">H\u00e9bergement du site internet<\/h2>\n\n\n\n<p>Le site www.taramuller.fr est h\u00e9berg\u00e9 en France sur les serveurs de la soci\u00e9t\u00e9 OVH.<br>H\u00e9bergeur :\u00a0OVH\u00a0Adresse web :\u00a0<a rel=\"noreferrer noopener\" href=\"http:\/\/www.ovh.com\/\" target=\"_blank\">www.ovh.com<\/a><br>Adresse Postale :\u00a02 rue kellermann\u00a0BP 80157\u00a059053 ROUBAIX Cedex 1<br>T\u00e9l\u00e9phone :\u00a0+33 (0)8 203 203 63<br>Adresse \u00e9lectronique (E-Mail) :\u00a0<a href=\"mailto:support@ovh.com\">support@ovh.com<\/a>.<\/p>\n\n\n\n<h2 class=\"wp-block-heading\">CNIL<\/h2>\n\n\n\n<p>Conform\u00e9ment aux dispositions de la loi 78-17 du 6 janvier 1978 modifi\u00e9e, l\u2019Utilisateur dispose d\u2019un droit d\u2019acc\u00e8s, de modification et de suppression des informations collect\u00e9es par\u00a0TARA MULLER.\u00a0<br>Pour exercer ce droit, il reviendra \u00e0 l\u2019Utilisateur d\u2019envoyer un message \u00e0 l\u2019adresse suivante :\u00a0contact@taramuller.fr<\/p>\n\n\n\n<h2 class=\"wp-block-heading\">Nous contacter<\/h2>\n\n\n\n<p>\u00a0Par email :\u00a0contact@taramuller.fr<\/p>\n\n\n\n<h2 class=\"wp-block-heading\">Cr\u00e9dits Photos<\/h2>\n\n\n\n<p>\u00a9taramuller \u00a9juliebrichet <\/p>\n","protected":false},"excerpt":{"rendered":"<p>Edition du site internet Le site\u00a0Tara Muller accessible \u00e0 l\u2019adresse www.taramuller.fr (ci-apr\u00e8s \u201cle Site\u201d) est \u00e9dit\u00e9 par la l&rsquo;auto entreprise\u00a0Tara Muller (ci-apr\u00e8s \u201cl\u2019Editeur\u201d), auto entreprise, dont le si\u00e8ge social est situ\u00e9\u00a03 route de la gare, 30840 Meynes. SIRET : 890 911 472 00011Registre de la chambre des m\u00e9tier : Montpellier. Directeur de la publication R\u00e9daction &hellip; <\/p>\n<p class=\"link-more\"><a href=\"https:\/\/taramuller.fr\/index.php\/mentions-legales\/\" class=\"more-link\">Lire la suite de<span class=\"screen-reader-text\">\u00ab\u00a0Mentions l\u00e9gales\u00a0\u00bb<\/span><\/a><\/p>\n","protected":false},"author":1,"featured_media":0,"parent":0,"menu_order":0,"comment_status":"closed","ping_status":"closed","template":"","meta":{"_seopress_robots_primary_cat":"","footnotes":""},"class_list":["post-364","page","type-page","status-publish","hentry"],"jetpack_sharing_enabled":true,"_links":{"self":[{"href":"https:\/\/taramuller.fr\/index.php\/wp-json\/wp\/v2\/pages\/364","targetHints":{"allow":["GET"]}}],"collection":[{"href":"https:\/\/taramuller.fr\/index.php\/wp-json\/wp\/v2\/pages"}],"about":[{"href":"https:\/\/taramuller.fr\/index.php\/wp-json\/wp\/v2\/types\/page"}],"author":[{"embeddable":true,"href":"https:\/\/taramuller.fr\/index.php\/wp-json\/wp\/v2\/users\/1"}],"replies":[{"embeddable":true,"href":"https:\/\/taramuller.fr\/index.php\/wp-json\/wp\/v2\/comments?post=364"}],"version-history":[{"count":2,"href":"https:\/\/taramuller.fr\/index.php\/wp-json\/wp\/v2\/pages\/364\/revisions"}],"predecessor-version":[{"id":367,"href":"https:\/\/taramuller.fr\/index.php\/wp-json\/wp\/v2\/pages\/364\/revisions\/367"}],"wp:attachment":[{"href":"https:\/\/taramuller.fr\/index.php\/wp-json\/wp\/v2\/media?parent=364"}],"curies":[{"name":"wp","href":"https:\/\/api.w.org\/{rel}","templated":true}]}}