{"id":8,"date":"2022-07-12T09:30:00","date_gmt":"2022-07-12T07:30:00","guid":{"rendered":"http:\/\/taramuller.fr\/?page_id=8"},"modified":"2025-09-04T19:35:44","modified_gmt":"2025-09-04T17:35:44","slug":"about","status":"publish","type":"page","link":"https:\/\/taramuller.fr\/","title":{"rendered":"Studio de Style &amp; design textile"},"content":{"rendered":"\n<div class=\"wp-block-group alignwide\"><div class=\"wp-block-group__inner-container is-layout-flow wp-block-group-is-layout-flow\">\n<div class=\"wp-block-columns is-layout-flex wp-container-core-columns-is-layout-9d6595d7 wp-block-columns-is-layout-flex\">\n<div class=\"wp-block-column is-layout-flow wp-block-column-is-layout-flow\"><\/div>\n<\/div>\n\n\n\n<h2 class=\"wp-block-heading has-text-align-center\">UN STUDIO DE STYLE &amp; DESIGN TEXTILE<\/h2>\n\n\n\n<figure class=\"wp-block-image alignwide size-large\"><img loading=\"lazy\" decoding=\"async\" width=\"1024\" height=\"581\" src=\"https:\/\/taramuller.fr\/wp-content\/uploads\/2022\/08\/vlcsnap-2019-06-29-17h11m10s840-1024x581.png\" alt=\"Styliste free-lance lingerie-swimwear\n-bain et beachwear-nightwear-loungewear-homewear je suis \u00e9galement designer textile pour le le secteur du pr\u00eat \u00e0 porter-d\u00e9coration-papier peint- enfant-homme - je propose des design uniques \u00e0 l'affut de tendances et dans l'air du temps.\nvoici mon atelier mon lieu o\u00f9 prennent vie vos cr\u00e9ations en accord avec votre adn.\" class=\"wp-image-97\" title=\"Styliste de signer textile j'ai h\u00e2te de d\u00e9couvrir votre projet !\" srcset=\"https:\/\/taramuller.fr\/wp-content\/uploads\/2022\/08\/vlcsnap-2019-06-29-17h11m10s840-1024x581.png 1024w, https:\/\/taramuller.fr\/wp-content\/uploads\/2022\/08\/vlcsnap-2019-06-29-17h11m10s840-600x341.png 600w, https:\/\/taramuller.fr\/wp-content\/uploads\/2022\/08\/vlcsnap-2019-06-29-17h11m10s840-300x170.png 300w, https:\/\/taramuller.fr\/wp-content\/uploads\/2022\/08\/vlcsnap-2019-06-29-17h11m10s840-768x436.png 768w, https:\/\/taramuller.fr\/wp-content\/uploads\/2022\/08\/vlcsnap-2019-06-29-17h11m10s840-1536x872.png 1536w, https:\/\/taramuller.fr\/wp-content\/uploads\/2022\/08\/vlcsnap-2019-06-29-17h11m10s840.png 1920w\" sizes=\"auto, (max-width: 1024px) 100vw, 1024px\" \/><\/figure>\n\n\n\n<p class=\"has-text-align-center\">Je suis Tara Muller, <strong>styliste<\/strong> et <strong>designer textile<\/strong> pour diff\u00e9rentes marques de bain, sport et lingerie<strong>,<\/strong> je d\u00e9cide en septembre 2020 de cr\u00e9er mon propre studio de Style &amp; Design textile.<\/p>\n\n\n\n<p class=\"has-text-align-center\"><strong>Styliste<\/strong> dans le d\u00e9veloppement de collection Bain, sport et lingerie.<\/p>\n\n\n\n<p class=\"has-text-align-center\">Toujours au plus proche des tendances et de vote adn de marque, je transforme vos envie en cr\u00e9ations uniques et leur donne vie \u00e0 travers vos collections.<\/p>\n\n\n\n<p class=\"has-text-align-center\">Les collections sont travaill\u00e9 sur logiciel. <\/p>\n\n\n\n<p class=\"has-text-align-center\">De la recherche de tendances, \u00e0 la cr\u00e9ations de collection jusqu&rsquo;au suivi de production,                                       je vous accompagne tout au long de votre projet pour que votre collection est le maximum d&rsquo;impact. <\/p>\n\n\n\n<p class=\"has-text-align-center\">Passionn\u00e9e par les motifs, et pleine de cr\u00e9ativit\u00e9 je donne lieu \u00e0 des motifs &amp; broderie unique \u00e0 la demande des professionnels du secteur de la mode, et de la d\u00e9corations.<\/p>\n\n\n\n<p class=\"has-text-align-center\">Les imprim\u00e9s sont travaill\u00e9 \u00e0 la main et sur ordinateur pour garder toute leur originalit\u00e9.&nbsp;<\/p>\n\n\n\n<p class=\"has-text-align-center\">Dans un style solaire et vif, les&nbsp;collections se composent d&rsquo;imprim\u00e9s ethniques, florale, na\u00eff et graphique. <\/p>\n\n\n\n<p class=\"has-text-align-center\"><\/p>\n<\/div><\/div>\n\n\n\n<div class=\"wp-block-buttons is-layout-flex wp-block-buttons-is-layout-flex\">\n<div class=\"wp-block-button aligncenter\"><a class=\"wp-block-button__link wp-element-button\" href=\"https:\/\/taramuller.fr\/index.php\/page-d-exemple\/\">EN SAVOIR +<\/a><\/div>\n<\/div>\n\n\n\n<hr class=\"wp-block-separator has-alpha-channel-opacity\"\/>\n\n\n\n<div class=\"wp-block-cover alignfull is-light has-parallax\" style=\"min-height:800px;aspect-ratio:unset;\"><div class=\"wp-block-cover__image-background wp-image-53 has-parallax\" style=\"background-position:50% 50%;background-image:url(https:\/\/taramuller.fr\/wp-content\/uploads\/2022\/08\/DSC_5318-scaled.jpg)\"><\/div><span aria-hidden=\"true\" class=\"wp-block-cover__background has-background-dim-0 has-background-dim\"><\/span><div class=\"wp-block-cover__inner-container is-layout-flow wp-block-cover-is-layout-flow\">\n<h2 class=\"wp-block-heading alignwide has-text-color\" style=\"color:#ffe074;font-size:64px\">Une expertise couleur au services de vos design.<\/h2>\n\n\n\n<div class=\"wp-block-columns alignwide is-layout-flex wp-container-core-columns-is-layout-9d6595d7 wp-block-columns-is-layout-flex\">\n<div class=\"wp-block-column is-layout-flow wp-block-column-is-layout-flow\" style=\"flex-basis:55%\">\n<div style=\"height:330px\" aria-hidden=\"true\" class=\"wp-block-spacer\"><\/div>\n\n\n\n<p class=\"has-text-color\" style=\"color:#ffe074;font-size:12px;line-height:1.3\"><em>Les couleurs sont au coeur de mes cr\u00e9ations. Vibrante, profonde, douce ou contrast\u00e9, j&rsquo;aime les associer pour donner \u00e0 chaque cr\u00e9ations un caract\u00e8re sp\u00e9cial, son propre univers.<\/em><\/p>\n<\/div>\n<\/div>\n<\/div><\/div>\n\n\n\n<div class=\"wp-block-group alignfull has-background\" style=\"background-color:#f8f4e4\"><div class=\"wp-block-group__inner-container is-layout-flow wp-block-group-is-layout-flow\">\n<div class=\"wp-block-columns alignwide is-layout-flex wp-container-core-columns-is-layout-9d6595d7 wp-block-columns-is-layout-flex\">\n<div class=\"wp-block-column is-layout-flow wp-block-column-is-layout-flow\">\n<h6 class=\"wp-block-heading has-text-color\" id=\"ecosystem\" style=\"color:#000000\">Mes prestations<\/h6>\n\n\n\n<p class=\"has-text-align-left has-text-color\" style=\"color:#000000;font-size:5vw;line-height:1.1\">.<strong>Styliste <\/strong><\/p>\n\n\n\n<p class=\"has-text-align-left has-text-color\" style=\"color:#000000;font-size:5vw;line-height:1.1\"><strong>Bain, Lingerie<\/strong> <strong>&amp; Sport<\/strong><\/p>\n<\/div>\n<\/div>\n\n\n\n<div class=\"wp-block-columns alignwide is-layout-flex wp-container-core-columns-is-layout-9d6595d7 wp-block-columns-is-layout-flex\">\n<div class=\"wp-block-column is-layout-flow wp-block-column-is-layout-flow\" style=\"flex-basis:33.38%\">\n<ul class=\"wp-block-list\">\n<li><em> <\/em>Recherche de tendances,<\/li>\n\n\n\n<li>Salons professionnels, shoppings<\/li>\n\n\n\n<li> R\u00e9alisations de Boards de collections,<\/li>\n\n\n\n<li>Cr\u00e9ations et d\u00e9clinaisons de mod\u00e8les ,<\/li>\n\n\n\n<li>Pr\u00e9sentations des collections et des tendances,<\/li>\n\n\n\n<li>D\u00e9veloppements mati\u00e8res,<\/li>\n\n\n\n<li>R\u00e9alisations des dossiers techniques<\/li>\n\n\n\n<li>Suivi avec les fournisseurs : Validation des L\/D, S\/O, Bulk et PPS.<\/li>\n<\/ul>\n\n\n\n<p class=\"has-small-font-size\">logiciel utilis\u00e9 illustrator, indesign, photoshop.<\/p>\n<\/div>\n\n\n\n<div class=\"wp-block-column is-layout-flow wp-block-column-is-layout-flow\" style=\"flex-basis:33%\">\n<figure class=\"wp-block-image size-large is-resized\"><img loading=\"lazy\" decoding=\"async\" width=\"683\" height=\"1024\" src=\"https:\/\/taramuller.fr\/wp-content\/uploads\/2022\/10\/DSCF2717-683x1024.jpg\" alt=\"Styliste swimwear pour maui and sons voici une de mes cr\u00e9ations pour \u00e9t\u00e9 2023. \nSur ce mod\u00e8le triangle voici \u00e9galement mon travail de designer textile avec cette cr\u00e9ation d'imprim\u00e9 perroquet, all-over tr\u00e8s color\u00e9 et tropical.\n\" class=\"wp-image-230\" style=\"width:291px;height:436px\" srcset=\"https:\/\/taramuller.fr\/wp-content\/uploads\/2022\/10\/DSCF2717-683x1024.jpg 683w, https:\/\/taramuller.fr\/wp-content\/uploads\/2022\/10\/DSCF2717-scaled-600x900.jpg 600w, https:\/\/taramuller.fr\/wp-content\/uploads\/2022\/10\/DSCF2717-200x300.jpg 200w, https:\/\/taramuller.fr\/wp-content\/uploads\/2022\/10\/DSCF2717-768x1152.jpg 768w, https:\/\/taramuller.fr\/wp-content\/uploads\/2022\/10\/DSCF2717-1024x1536.jpg 1024w, https:\/\/taramuller.fr\/wp-content\/uploads\/2022\/10\/DSCF2717-1365x2048.jpg 1365w, https:\/\/taramuller.fr\/wp-content\/uploads\/2022\/10\/DSCF2717-2000x3000.jpg 2000w, https:\/\/taramuller.fr\/wp-content\/uploads\/2022\/10\/DSCF2717-scaled.jpg 1707w\" sizes=\"auto, (max-width: 683px) 100vw, 683px\" \/><\/figure>\n\n\n\n<figure class=\"wp-block-image alignwide size-full\"><img loading=\"lazy\" decoding=\"async\" width=\"481\" height=\"600\" src=\"https:\/\/taramuller.fr\/wp-content\/uploads\/2022\/10\/Capture-decran-2020-08-21-a-09.43.17.png\" alt=\"Styliste homewear pour Etam, voici ma cr\u00e9ations de mod\u00e8le pyjama en mati\u00e8re douce et confortable. \nCr\u00e9ation de design textile, cr\u00e9ation de rayure imprim\u00e9.\" class=\"wp-image-244\" srcset=\"https:\/\/taramuller.fr\/wp-content\/uploads\/2022\/10\/Capture-decran-2020-08-21-a-09.43.17.png 481w, https:\/\/taramuller.fr\/wp-content\/uploads\/2022\/10\/Capture-decran-2020-08-21-a-09.43.17-241x300.png 241w\" sizes=\"auto, (max-width: 481px) 100vw, 481px\" \/><\/figure>\n<\/div>\n\n\n\n<div class=\"wp-block-column is-layout-flow wp-block-column-is-layout-flow\" style=\"flex-basis:33.62%\">\n<figure class=\"wp-block-image size-large is-resized\"><img loading=\"lazy\" decoding=\"async\" width=\"768\" height=\"1024\" src=\"https:\/\/taramuller.fr\/wp-content\/uploads\/2022\/10\/MSE32_130_078-edited-1-768x1024.jpg\" alt=\"Styliste lingerie pour Etam voici une de mes cr\u00e9ations pour la st Valentin en tissu liberty.\n\" class=\"wp-image-247\" style=\"width:420px;height:559px\" srcset=\"https:\/\/taramuller.fr\/wp-content\/uploads\/2022\/10\/MSE32_130_078-edited-1-768x1024.jpg 768w, https:\/\/taramuller.fr\/wp-content\/uploads\/2022\/10\/MSE32_130_078-edited-1-600x800.jpg 600w, https:\/\/taramuller.fr\/wp-content\/uploads\/2022\/10\/MSE32_130_078-edited-1-225x300.jpg 225w, https:\/\/taramuller.fr\/wp-content\/uploads\/2022\/10\/MSE32_130_078-edited-1-1152x1536.jpg 1152w, https:\/\/taramuller.fr\/wp-content\/uploads\/2022\/10\/MSE32_130_078-edited-1-1536x2048.jpg 1536w, https:\/\/taramuller.fr\/wp-content\/uploads\/2022\/10\/MSE32_130_078-edited-1.jpg 1750w\" sizes=\"auto, (max-width: 768px) 100vw, 768px\" \/><\/figure>\n\n\n\n<figure class=\"wp-block-image size-large is-resized\"><img loading=\"lazy\" decoding=\"async\" width=\"683\" height=\"1024\" src=\"https:\/\/taramuller.fr\/wp-content\/uploads\/2022\/10\/DSCF2973-683x1024.jpg\" alt=\"Styliste swimwear bain et beachwear pour maui and sons France, voici la cr\u00e9ation d'un de mes mod\u00e8le en mati\u00e8re weavy textur\u00e9. Mod\u00e8le bandeau shorty.\n\" class=\"wp-image-232\" style=\"width:328px;height:491px\" srcset=\"https:\/\/taramuller.fr\/wp-content\/uploads\/2022\/10\/DSCF2973-683x1024.jpg 683w, https:\/\/taramuller.fr\/wp-content\/uploads\/2022\/10\/DSCF2973-scaled-600x900.jpg 600w, https:\/\/taramuller.fr\/wp-content\/uploads\/2022\/10\/DSCF2973-200x300.jpg 200w, https:\/\/taramuller.fr\/wp-content\/uploads\/2022\/10\/DSCF2973-768x1152.jpg 768w, https:\/\/taramuller.fr\/wp-content\/uploads\/2022\/10\/DSCF2973-1024x1536.jpg 1024w, https:\/\/taramuller.fr\/wp-content\/uploads\/2022\/10\/DSCF2973-1365x2048.jpg 1365w, https:\/\/taramuller.fr\/wp-content\/uploads\/2022\/10\/DSCF2973-2000x3000.jpg 2000w, https:\/\/taramuller.fr\/wp-content\/uploads\/2022\/10\/DSCF2973-scaled.jpg 1707w\" sizes=\"auto, (max-width: 683px) 100vw, 683px\" \/><\/figure>\n<\/div>\n<\/div>\n\n\n\n<h2 class=\"wp-block-heading has-text-align-right\" style=\"font-size:5rem\">Design textile.<\/h2>\n\n\n\n<div class=\"wp-block-columns alignwide are-vertically-aligned-center is-layout-flex wp-container-core-columns-is-layout-9d6595d7 wp-block-columns-is-layout-flex\">\n<div class=\"wp-block-column is-vertically-aligned-center is-layout-flow wp-block-column-is-layout-flow\" style=\"flex-basis:67%\"><div class=\"wp-block-image\">\n<figure class=\"alignright size-large is-resized\"><img loading=\"lazy\" decoding=\"async\" width=\"1024\" height=\"768\" src=\"https:\/\/taramuller.fr\/wp-content\/uploads\/2022\/08\/DSC02843-1024x768.jpg\" alt=\"Designer textile free-lance voici un de mes all-over-imprim\u00e9 dessiner \u00e0 la main et retravaill\u00e9 sur Illustrator \" class=\"wp-image-157\" style=\"aspect-ratio:1.3352380952380953;width:872px;height:auto\" srcset=\"https:\/\/taramuller.fr\/wp-content\/uploads\/2022\/08\/DSC02843-1024x768.jpg 1024w, https:\/\/taramuller.fr\/wp-content\/uploads\/2022\/08\/DSC02843-scaled-600x450.jpg 600w, https:\/\/taramuller.fr\/wp-content\/uploads\/2022\/08\/DSC02843-300x225.jpg 300w, https:\/\/taramuller.fr\/wp-content\/uploads\/2022\/08\/DSC02843-768x576.jpg 768w, https:\/\/taramuller.fr\/wp-content\/uploads\/2022\/08\/DSC02843-1536x1152.jpg 1536w, https:\/\/taramuller.fr\/wp-content\/uploads\/2022\/08\/DSC02843-2048x1536.jpg 2048w, https:\/\/taramuller.fr\/wp-content\/uploads\/2022\/08\/DSC02843-2000x1500.jpg 2000w\" sizes=\"auto, (max-width: 1024px) 100vw, 1024px\" \/><\/figure>\n<\/div><\/div>\n\n\n\n<div class=\"wp-block-column is-vertically-aligned-center is-layout-flow wp-block-column-is-layout-flow\" style=\"flex-basis:33%\">\n<ul class=\"wp-block-list\">\n<li>Recherche de tendances print<\/li>\n\n\n\n<li>Cr\u00e9ation d&rsquo;ambiance graphique<\/li>\n\n\n\n<li>Cr\u00e9ation de gamme de couleurs<\/li>\n\n\n\n<li>Cr\u00e9ation d&rsquo;imprim\u00e9<\/li>\n\n\n\n<li>Mise au raccord<\/li>\n\n\n\n<li>Cr\u00e9ation d&rsquo;imprim\u00e9 plac\u00e9<\/li>\n\n\n\n<li>Cr\u00e9ation de broderies<\/li>\n\n\n\n<li>Colorisation Pantone<\/li>\n\n\n\n<li>Fiche technique print<br><\/li>\n<\/ul>\n\n\n\n<p class=\"has-small-font-size\">logiciel utilis\u00e9 illustrator, indesign, photoshop.<\/p>\n<\/div>\n<\/div>\n<\/div><\/div>\n\n\n\n<div class=\"wp-block-cover alignfull is-light has-parallax\" style=\"min-height:800px;aspect-ratio:unset;\"><div class=\"wp-block-cover__image-background wp-image-59 has-parallax\" style=\"background-position:50% 50%;background-image:url(https:\/\/taramuller.fr\/wp-content\/uploads\/2022\/08\/DSC_5243-scaled.jpg)\"><\/div><span aria-hidden=\"true\" class=\"wp-block-cover__background has-background-dim-0 has-background-dim\"><\/span><div class=\"wp-block-cover__inner-container is-layout-flow wp-block-cover-is-layout-flow\">\n<h2 class=\"wp-block-heading alignwide has-white-color has-text-color\" style=\"font-size:64px\">Ambiance.<\/h2>\n\n\n\n<div class=\"wp-block-columns alignwide is-layout-flex wp-container-core-columns-is-layout-9d6595d7 wp-block-columns-is-layout-flex\">\n<div class=\"wp-block-column is-layout-flow wp-block-column-is-layout-flow\" style=\"flex-basis:55%\">\n<div style=\"height:330px\" aria-hidden=\"true\" class=\"wp-block-spacer\"><\/div>\n\n\n\n<p class=\"has-white-color has-text-color\" style=\"font-size:12px;line-height:1.3\">Toujours \u00e0 l&rsquo;aff\u00fbt des nouvelles tendances, j&rsquo;aime travailler chaque ambiance comme un voyage dans une nouvelle saisons. Une histoire qui nous transporte.<\/p>\n\n\n\n<p class=\"has-white-color has-text-color\" style=\"font-size:12px;line-height:1.3\"> Une ambiance c&rsquo;est aussi une cible, des couleurs et des mati\u00e8res qui m&rsquo;inspire pour dessin\u00e9 une collections unique, toujours en accord avec votre adn de marque..<\/p>\n\n\n\n<p class=\"has-black-color has-text-color\" style=\"font-size:12px;line-height:1.3\"><\/p>\n\n\n\n<p><\/p>\n<\/div>\n<\/div>\n<\/div><\/div>\n\n\n\n<h2 class=\"wp-block-heading alignwide\" id=\"we-re-a-studio-in-berlin-with-an-international-practice-in-architecture-urban-planning-and-interior-design-we-believe-in-sharing-knowledge-and-promoting-dialogue-to-increase-the-creative-potential-of-collaboration\" style=\"font-size:48px;line-height:1.1\">\u00ab\u00a0C\u2019est \u00e0 Dakar, \u00e0 l&rsquo;\u00e2ge de 7&nbsp;ans que je plonge mon nez dans les chutes des couturiers du quartier o\u00f9 nous vivions. J\u2019y d\u00e9couvre des textiles traditionnels et r\u00e9alise mes premi\u00e8res exp\u00e9riences cr\u00e9atives.\u00a0\u00bb<\/h2>\n\n\n\n<div class=\"wp-block-buttons is-content-justification-center is-layout-flex wp-container-core-buttons-is-layout-16018d1d wp-block-buttons-is-layout-flex\">\n<div class=\"wp-block-button\"><a class=\"wp-block-button__link wp-element-button\" href=\"https:\/\/taramuller.fr\/index.php\/page-d-exemple\/\">en savoir +<\/a><\/div>\n<\/div>\n\n\n\n<hr class=\"wp-block-separator has-alpha-channel-opacity\"\/>\n\n\n\n<div class=\"wp-block-cover alignfull is-light has-parallax\" style=\"min-height:800px;aspect-ratio:unset;\"><div class=\"wp-block-cover__image-background wp-image-54 has-parallax\" style=\"background-position:50% 50%;background-image:url(https:\/\/taramuller.fr\/wp-content\/uploads\/2022\/08\/DSC02974-scaled.jpg)\"><\/div><span aria-hidden=\"true\" class=\"wp-block-cover__background has-background-dim-0 has-background-dim\"><\/span><div class=\"wp-block-cover__inner-container is-layout-flow wp-block-cover-is-layout-flow\">\n<h2 class=\"wp-block-heading alignwide has-text-color has-link-color wp-elements-e0bf8039c82badd7e40c6b2fdff6414f\" style=\"color:#fef4d3;font-size:64px\">Design textile.<\/h2>\n\n\n\n<div style=\"height:330px\" aria-hidden=\"true\" class=\"wp-block-spacer\"><\/div>\n\n\n\n<div class=\"wp-block-group\"><div class=\"wp-block-group__inner-container is-layout-constrained wp-block-group-is-layout-constrained\">\n<p class=\"has-text-color\" style=\"color:#fef4d3;font-size:12px;line-height:1.3\"><mark style=\"background-color:rgba(0, 0, 0, 0);color:#fef4d3\" class=\"has-inline-color\">J&rsquo;aime travailler mes dessins \u00e0 la mains pour sublim\u00e9 chaque textures, asp\u00e9rit\u00e9, nuances. Les logiciels (illustrator et photoshop) sont pour moi de fabuleux moyen de sublimer la cr\u00e9ativit\u00e9 et de travailler les techniques de raccords et versions couleurs. Ayant travaill\u00e9 en direct avec les usines, mes fichiers sont adapt\u00e9 \u00e0 l\u2019industrie textile selon le type d\u2019impression voulu.<\/mark><\/p>\n\n\n\n<p class=\"has-black-color has-text-color\" style=\"font-size:12px;line-height:1.3\"><mark style=\"background-color:rgba(0, 0, 0, 0);color:#fef4d3\" class=\"has-inline-color\">Chaque design et unique, dessin\u00e9 \u00e0 la main et\/ou sur logiciel pour r\u00e9pondre au mieux \u00e0 vos besoins et \u00e0 votre adn. <\/mark><\/p>\n<\/div><\/div>\n<\/div><\/div>\n\n\n\n<div class=\"wp-block-group alignfull has-text-color has-background\" style=\"color:#000000;background-color:#ffffff\"><div class=\"wp-block-group__inner-container is-layout-flow wp-block-group-is-layout-flow\">\n<div style=\"height:64px\" aria-hidden=\"true\" class=\"wp-block-spacer\"><\/div>\n\n\n\n<p class=\"has-text-align-center has-small-font-size\" style=\"line-height:.9\"><strong>Contactez nous<\/strong><\/p>\n\n\n\n<h2 class=\"wp-block-heading has-text-align-center\" id=\"schedule-a-visit\" style=\"font-size:59px;line-height:1.15\">Demander un devis<\/h2>\n\n\n\n<div class=\"wp-block-buttons is-horizontal is-content-justification-center is-layout-flex wp-container-core-buttons-is-layout-499968f5 wp-block-buttons-is-layout-flex\">\n<div class=\"wp-block-button has-custom-width wp-block-button__width-50\"><a class=\"wp-block-button__link has-text-color has-background wp-element-button\" href=\"https:\/\/taramuller.fr\/index.php\/contact\/\" style=\"border-radius:50px;color:#ffffff;background-color:#000000\">Contactez-nous<\/a><\/div>\n<\/div>\n<\/div><\/div>\n\n\n\n<div style=\"height:100px\" aria-hidden=\"true\" class=\"wp-block-spacer\"><\/div>\n","protected":false},"excerpt":{"rendered":"<p>UN STUDIO DE STYLE &amp; DESIGN TEXTILE Je suis Tara Muller, styliste et designer textile pour diff\u00e9rentes marques de bain, sport et lingerie, je d\u00e9cide en septembre 2020 de cr\u00e9er mon propre studio de Style &amp; Design textile. Styliste dans le d\u00e9veloppement de collection Bain, sport et lingerie. Toujours au plus proche des tendances et &hellip; <\/p>\n<p class=\"link-more\"><a href=\"https:\/\/taramuller.fr\/\" class=\"more-link\">Lire la suite de<span class=\"screen-reader-text\">\u00ab\u00a0Studio de Style &amp; design textile\u00a0\u00bb<\/span><\/a><\/p>\n","protected":false},"author":1,"featured_media":6,"parent":0,"menu_order":0,"comment_status":"closed","ping_status":"closed","template":"page-templates\/full-width-no-title.php","meta":{"_seopress_robots_primary_cat":"","footnotes":""},"class_list":["post-8","page","type-page","status-publish","has-post-thumbnail","hentry"],"jetpack_sharing_enabled":true,"_links":{"self":[{"href":"https:\/\/taramuller.fr\/index.php\/wp-json\/wp\/v2\/pages\/8","targetHints":{"allow":["GET"]}}],"collection":[{"href":"https:\/\/taramuller.fr\/index.php\/wp-json\/wp\/v2\/pages"}],"about":[{"href":"https:\/\/taramuller.fr\/index.php\/wp-json\/wp\/v2\/types\/page"}],"author":[{"embeddable":true,"href":"https:\/\/taramuller.fr\/index.php\/wp-json\/wp\/v2\/users\/1"}],"replies":[{"embeddable":true,"href":"https:\/\/taramuller.fr\/index.php\/wp-json\/wp\/v2\/comments?post=8"}],"version-history":[{"count":79,"href":"https:\/\/taramuller.fr\/index.php\/wp-json\/wp\/v2\/pages\/8\/revisions"}],"predecessor-version":[{"id":562,"href":"https:\/\/taramuller.fr\/index.php\/wp-json\/wp\/v2\/pages\/8\/revisions\/562"}],"wp:featuredmedia":[{"embeddable":true,"href":"https:\/\/taramuller.fr\/index.php\/wp-json\/wp\/v2\/media\/6"}],"wp:attachment":[{"href":"https:\/\/taramuller.fr\/index.php\/wp-json\/wp\/v2\/media?parent=8"}],"curies":[{"name":"wp","href":"https:\/\/api.w.org\/{rel}","templated":true}]}}